{"id":396,"date":"2016-05-09T00:03:26","date_gmt":"2016-05-08T22:03:26","guid":{"rendered":"http:\/\/localhost:8888\/wordpress\/?page_id=396"},"modified":"2023-09-12T01:21:58","modified_gmt":"2023-09-11T23:21:58","slug":"contact","status":"publish","type":"page","link":"https:\/\/www.zagreb.jazztzigane.com\/index.php\/contact\/","title":{"rendered":"Contact"},"content":{"rendered":"\n<style type=\"text\/css\" data-created_by=\"avia_inline_auto\" id=\"style-css-av-3i2bxo-f7e575d7303465b932cd0b00e458e126\">\n.avia-section.av-3i2bxo-f7e575d7303465b932cd0b00e458e126 .av-parallax .av-parallax-inner{\nbackground-color:#f8f8f8;\nbackground-image:url(https:\/\/www.zagreb.jazztzigane.com\/wp-content\/uploads\/2016\/05\/soiree-comite-entreprise-musique-ambiance.jpg);\nbackground-repeat:no-repeat;\nbackground-position:50% 100%;\nbackground-attachment:scroll;\n}\n.avia-section.av-3i2bxo-f7e575d7303465b932cd0b00e458e126 .av-section-color-overlay{\nopacity:0.3;\n}\n<\/style>\n<div id='av_section_1'  class='avia-section av-3i2bxo-f7e575d7303465b932cd0b00e458e126 main_color avia-section-large avia-no-border-styling  avia-builder-el-0  el_before_av_hr  avia-builder-el-first  avia-full-stretch av-parallax-section avia-bg-style-parallax av-section-color-overlay-active av-minimum-height av-minimum-height-75 av-height-75  container_wrap sidebar_right'  data-section-bg-repeat='stretch' data-av_minimum_height_pc='75' data-av_min_height_opt='75'><div class='av-parallax' data-avia-parallax-ratio='0.3' ><div class='av-parallax-inner main_color avia-full-stretch'><\/div><\/div><div class=\"av-section-color-overlay-wrap\"><div class=\"av-section-color-overlay\"><\/div><div class='container av-section-cont-open' ><main  role=\"main\" itemprop=\"mainContentOfPage\"  class='template-page content  av-content-small alpha units'><div class='post-entry post-entry-type-page post-entry-396'><div class='entry-content-wrapper clearfix'>\n\n<style type=\"text\/css\" data-created_by=\"avia_inline_auto\" id=\"style-css-av-3dhfz8-e0ce8122180bc5e02706f50c2d42ba1b\">\n.flex_column.av-3dhfz8-e0ce8122180bc5e02706f50c2d42ba1b{\nborder-radius:0px 0px 0px 0px;\npadding:0px 0px 0px 0px;\n}\n<\/style>\n<div  class='flex_column av-3dhfz8-e0ce8122180bc5e02706f50c2d42ba1b av_one_full  avia-builder-el-1  el_before_av_one_half  avia-builder-el-first  first flex_column_div av-zero-column-padding  '     ><\/div>\n<style type=\"text\/css\" data-created_by=\"avia_inline_auto\" id=\"style-css-av-bktpg-3b91164ea4144c2820451ec69a3ebec2\">\n.flex_column.av-bktpg-3b91164ea4144c2820451ec69a3ebec2{\nborder-radius:0px 0px 0px 0px;\npadding:0px 0px 0px 0px;\n}\n<\/style>\n<div  class='flex_column av-bktpg-3b91164ea4144c2820451ec69a3ebec2 av_one_half  avia-builder-el-2  el_after_av_one_full  avia-builder-el-last  first flex_column_div av-animated-generic fade-in av-zero-column-padding  column-top-margin'     ><p>\n<style type=\"text\/css\" data-created_by=\"avia_inline_auto\" id=\"style-css-av-30bf5w-d2ce306ff84a2df66bf56049da2848aa\">\n#top .av-special-heading.av-30bf5w-d2ce306ff84a2df66bf56049da2848aa{\npadding-bottom:10px;\ncolor:#ffffff;\nfont-size:40px;\n}\nbody .av-special-heading.av-30bf5w-d2ce306ff84a2df66bf56049da2848aa .av-special-heading-tag .heading-char{\nfont-size:25px;\n}\n#top #wrap_all .av-special-heading.av-30bf5w-d2ce306ff84a2df66bf56049da2848aa .av-special-heading-tag{\nfont-size:40px;\n}\n.av-special-heading.av-30bf5w-d2ce306ff84a2df66bf56049da2848aa .special-heading-inner-border{\nborder-color:#ffffff;\n}\n.av-special-heading.av-30bf5w-d2ce306ff84a2df66bf56049da2848aa .av-subheading{\nfont-size:15px;\n}\n\n@media only screen and (min-width: 480px) and (max-width: 767px){ \n#top #wrap_all .av-special-heading.av-30bf5w-d2ce306ff84a2df66bf56049da2848aa .av-special-heading-tag{\nfont-size:0.8em;\n}\n}\n\n@media only screen and (max-width: 479px){ \n#top #wrap_all .av-special-heading.av-30bf5w-d2ce306ff84a2df66bf56049da2848aa .av-special-heading-tag{\nfont-size:0.8em;\n}\n}\n<\/style>\n<div  class='av-special-heading av-30bf5w-d2ce306ff84a2df66bf56049da2848aa av-special-heading-h1 custom-color-heading blockquote modern-quote  avia-builder-el-3  el_before_av_hr  avia-builder-el-first  av-inherit-size'><h1 class='av-special-heading-tag'  itemprop=\"headline\"  >Contact<\/h1><div class=\"special-heading-border\"><div class=\"special-heading-inner-border\"><\/div><\/div><\/div><br \/>\n\n<style type=\"text\/css\" data-created_by=\"avia_inline_auto\" id=\"style-css-av-aajt8-7d1701681b05804c9e295c6cf0639f5b\">\n#top .hr.av-aajt8-7d1701681b05804c9e295c6cf0639f5b{\nmargin-top:10px;\nmargin-bottom:10px;\n}\n.hr.av-aajt8-7d1701681b05804c9e295c6cf0639f5b .hr-inner{\nwidth:50px;\nborder-color:#ffffff;\n}\n<\/style>\n<div  class='hr av-aajt8-7d1701681b05804c9e295c6cf0639f5b hr-custom  avia-builder-el-4  el_after_av_heading  el_before_av_textblock  hr-left hr-icon-no'><span class='hr-inner inner-border-av-border-fat'><span class=\"hr-inner-style\"><\/span><\/span><\/div><br \/>\n\n<style type=\"text\/css\" data-created_by=\"avia_inline_auto\" id=\"style-css-av-2r6484-532618f6121b85334a83a90d5ca3da04\">\n#top .av_textblock_section.av-2r6484-532618f6121b85334a83a90d5ca3da04 .avia_textblock{\nfont-size:15px;\ncolor:#ffffff;\n}\n<\/style>\n<section  class='av_textblock_section av-2r6484-532618f6121b85334a83a90d5ca3da04 '   itemscope=\"itemscope\" itemtype=\"https:\/\/schema.org\/CreativeWork\" ><div class='avia_textblock av_inherit_color'  itemprop=\"text\" ><p>C&rsquo;est par ici&#8230; Contactez-nous\u00a0d\u00e8s \u00e0 pr\u00e9sent pour recevoir nos tarifs, r\u00e9server une date pour votre \u00e9v\u00e9nement ou simplement obtenir des informations. Nous sommes tr\u00e8s r\u00e9actif. Merci d&rsquo;indiquer votre \u00a0num\u00e9ro de t\u00e9l\u00e9phone&#8230;<\/p>\n<\/div><\/section><\/p><\/div>\n<\/div><\/div><\/main><!-- close content main element --><\/div><\/div><\/div><div id='after_section_1'  class='main_color av_default_container_wrap container_wrap sidebar_right'  ><div class='container av-section-cont-open' ><div class='template-page content  av-content-small alpha units'><div class='post-entry post-entry-type-page post-entry-396'><div class='entry-content-wrapper clearfix'>\n<div  class='hr av-2mftto-e974317f1845da5ae63e6f3d27e4eed3 hr-default  avia-builder-el-6  el_after_av_section  el_before_av_hr  avia-builder-el-first '><span class='hr-inner '><span class=\"hr-inner-style\"><\/span><\/span><\/div>\n<div  class='hr av-2mat9o-5e41879a89d6039b454f12ff20ef6f84 hr-default  avia-builder-el-7  el_after_av_hr  el_before_av_one_half '><span class='hr-inner '><span class=\"hr-inner-style\"><\/span><\/span><\/div>\n\n<style type=\"text\/css\" data-created_by=\"avia_inline_auto\" id=\"style-css-av-2grw04-a71c1ef09445d1039b0825c64555918b\">\n.flex_column.av-2grw04-a71c1ef09445d1039b0825c64555918b{\nborder-radius:0px 0px 0px 0px;\npadding:0px 30px 30px 30px;\n}\n<\/style>\n<div  class='flex_column av-2grw04-a71c1ef09445d1039b0825c64555918b av_one_half  avia-builder-el-8  el_after_av_hr  el_before_av_one_half  first flex_column_div  '     ><p><article  class='iconbox iconbox_top av-2aomhg-b13dd62755e0319bed49609ff07e8ab7  avia-builder-el-9  el_before_av_image  avia-builder-el-first  main_color'  itemscope=\"itemscope\" itemtype=\"https:\/\/schema.org\/CreativeWork\" ><div class=\"iconbox_content\"><header class=\"entry-content-header\"><div class=\"iconbox_icon heading-color\" aria-hidden='true' data-av_icon='\ue805' data-av_iconfont='entypo-fontello'><\/div><\/header><div class='iconbox_content_container '  itemprop=\"text\" ><p>Si vous nous contactez pour une\u00a0<strong>demande de devis<\/strong>, merci de nous pr\u00e9ciser les points suivant dans le contenu de votre message:<\/p>\n<li>La date , l&rsquo;heure et le lieu<\/li>\n<li>Nature de la prestation (Cocktail de mariage, \u00e9v\u00e9nement d&rsquo;entreprise, festival jazz manouche, etc&#8230;)<\/li>\n<li>La dur\u00e9e estim\u00e9e (avec les horaires si vous les avez)<\/li>\n<li>Tous les d\u00e9tails qui vous paraissent utiles (r\u00e9pertoire particulier, nombre d&rsquo;invit\u00e9s,&#8230;)<\/li>\n<li>Souhait particulier pour composition du groupe (duo, trio, quartet avec violon, saxo ou chanteuse)<\/li>\n<\/div><\/div><footer class=\"entry-footer\"><\/footer><\/article><br \/>\n\n<style type=\"text\/css\" data-created_by=\"avia_inline_auto\" id=\"style-css-av-24im78-4bf7e0f0695e9c508a77bd019ef3d0e1\">\n.avia-image-container.av-24im78-4bf7e0f0695e9c508a77bd019ef3d0e1 img.avia_image{\nbox-shadow:none;\n}\n.avia-image-container.av-24im78-4bf7e0f0695e9c508a77bd019ef3d0e1 .av-image-caption-overlay-center{\ncolor:#ffffff;\n}\n<\/style>\n<div  class='avia-image-container av-24im78-4bf7e0f0695e9c508a77bd019ef3d0e1 av-styling- avia_animated_image av-animated-when-visible-95 pop-up avia-align-left  avia-builder-el-10  el_after_av_icon_box  el_before_av_hr '   itemprop=\"image\" itemscope=\"itemscope\" itemtype=\"https:\/\/schema.org\/ImageObject\" ><div class=\"avia-image-container-inner\"><div class=\"avia-image-overlay-wrap\"><img decoding=\"async\" class='wp-image-1119 avia-img-lazy-loading-not-1119 avia_image ' src=\"https:\/\/www.zagreb.jazztzigane.com\/wp-content\/uploads\/2016\/11\/musicien-jazz-professionnel-soiree-privee.jpg\" alt='' title='musicien-jazz-professionnel-soiree-privee'  height=\"400\" width=\"495\"  itemprop=\"thumbnailUrl\" srcset=\"https:\/\/www.zagreb.jazztzigane.com\/wp-content\/uploads\/2016\/11\/musicien-jazz-professionnel-soiree-privee.jpg 495w, https:\/\/www.zagreb.jazztzigane.com\/wp-content\/uploads\/2016\/11\/musicien-jazz-professionnel-soiree-privee-300x242.jpg 300w, https:\/\/www.zagreb.jazztzigane.com\/wp-content\/uploads\/2016\/11\/musicien-jazz-professionnel-soiree-privee-450x364.jpg 450w\" sizes=\"(max-width: 495px) 100vw, 495px\" \/><\/div><\/div><\/div><br \/>\n\n<style type=\"text\/css\" data-created_by=\"avia_inline_auto\" id=\"style-css-av-1xxqf8-c3ad47ffccda9c042773530c019779ed\">\n#top .hr.hr-invisible.av-1xxqf8-c3ad47ffccda9c042773530c019779ed{\nheight:50px;\n}\n<\/style>\n<div  class='hr av-1xxqf8-c3ad47ffccda9c042773530c019779ed hr-invisible  avia-builder-el-11  el_after_av_image  el_before_av_icon_box '><span class='hr-inner '><span class=\"hr-inner-style\"><\/span><\/span><\/div><br \/>\n<article  class='iconbox iconbox_top av-1tdt6s-90f8a54eeec7baf248094aae31679494  avia-builder-el-12  el_after_av_hr  avia-builder-el-last  main_color'  itemscope=\"itemscope\" itemtype=\"https:\/\/schema.org\/CreativeWork\" ><div class=\"iconbox_content\"><header class=\"entry-content-header\"><div class=\"iconbox_icon heading-color\" aria-hidden='true' data-av_icon='\ue854' data-av_iconfont='entypo-fontello'><\/div><h3 class='iconbox_content_title '  itemprop=\"headline\" >Booking<\/h3><\/header><div class='iconbox_content_container '  itemprop=\"text\" ><p>Zagreb Quartet: caramelmangrove@gmail.com<\/p>\n<\/div><\/div><footer class=\"entry-footer\"><\/footer><\/article><\/p><\/div>\n<style type=\"text\/css\" data-created_by=\"avia_inline_auto\" id=\"style-css-av-1moigk-0e7ea1caa475e3784d772a0e4a2b3ba2\">\n.flex_column.av-1moigk-0e7ea1caa475e3784d772a0e4a2b3ba2{\nborder-radius:0px 0px 0px 0px;\npadding:0px 0px 0px 0px;\n}\n<\/style>\n<div  class='flex_column av-1moigk-0e7ea1caa475e3784d772a0e4a2b3ba2 av_one_half  avia-builder-el-13  el_after_av_one_half  el_before_av_hr  flex_column_div av-zero-column-padding  '     ><form action=\"https:\/\/www.zagreb.jazztzigane.com\/index.php\/contact\/\" method=\"post\" data-fields-with-error=\"Erreurs trouv\u00e9es dans les champs suivants :\" class=\"avia_ajax_form av-form-labels-visible    \" data-avia-form-id=\"1\" data-avia-redirect='' ><h3 class=''>Envoyez-nous un mail<\/h3><fieldset><p class='  first_form  form_element form_fullwidth' id='element_avia_1_1'><label for=\"avia_1_1\">Nom <abbr class=\"required\" title=\"requis(e)\">*<\/abbr><\/label> <input name=\"avia_1_1\" class=\"text_input is_empty\" type=\"text\" id=\"avia_1_1\" value=\"\" \/><\/p><p class='  first_form  form_element form_fullwidth' id='element_avia_2_1'><label for=\"avia_2_1\">Pr\u00e9nom<\/label> <input name=\"avia_2_1\" class=\"text_input \" type=\"text\" id=\"avia_2_1\" value=\"\" \/><\/p><p class='  first_form  form_element form_fullwidth' id='element_avia_3_1'><label for=\"avia_3_1\">Adresse mail <abbr class=\"required\" title=\"requis(e)\">*<\/abbr><\/label> <input name=\"avia_3_1\" class=\"text_input is_email\" type=\"text\" id=\"avia_3_1\" value=\"\" \/><\/p><p class='  first_form  form_element form_fullwidth' id='element_avia_4_1'><label for=\"avia_4_1\">T\u00e9l\u00e9phone <abbr class=\"required\" title=\"requis(e)\">*<\/abbr><\/label> <input name=\"avia_4_1\" class=\"text_input is_phone\" type=\"text\" id=\"avia_4_1\" value=\"\" \/><\/p><p class='  first_form  form_element form_fullwidth' id='element_avia_5_1'><label for=\"avia_5_1\">Date de votre \u00e9v\u00e9nement<\/label> <input name=\"avia_5_1\" class=\"avia_datepicker text_input \" type=\"text\" id=\"avia_5_1\" value=\"\" placeholder=\"DD \/ MM \/ YY\" \/><\/p><p class='  first_form  form_element form_fullwidth' id='element_avia_6_1'><label for=\"avia_6_1\" class=\"textare_label hidden textare_label_avia_6_1\">Message <abbr class=\"required\" title=\"requis(e)\">*<\/abbr><\/label><textarea  name=\"avia_6_1\" class=\"text_area is_empty\" cols=\"40\" rows=\"7\" id=\"avia_6_1\" ><\/textarea><\/p><p class=\"hidden\"><input type=\"text\" name=\"avia_7_1\" class=\"hidden \" id=\"avia_7_1\" value=\"\" \/><\/p><p class='   form_element form_fullwidth' id='element_avia_8_1'><span class='value_verifier_label'>3 + 1 = ?<\/span><input name=\"avia_8_1_verifier\" type=\"hidden\" id=\"avia_8_1_verifier\" value=\"647544785\"\/><label for=\"avia_8_1\">Merci de prouver que vous \u00eates un humain en donnant le r\u00e9sultat de cette op\u00e9ration <abbr class=\"required\" title=\"requis(e)\">*<\/abbr><\/label><input name=\"avia_8_1\" class=\"text_input captcha\" type=\"text\" id=\"avia_8_1\" value=\"\"\/><\/p><p class=\"form_element \"><input type=\"hidden\" value=\"1\" name=\"avia_generated_form1\" \/><input type=\"submit\" value=\"Valider\" class=\"button\"  data-sending-label=\"Envoi\"\/><\/p><\/fieldset><\/form><div id=\"ajaxresponse_1\" class=\"ajaxresponse ajaxresponse_1 hidden\"><\/div><\/div><\/p>\n<div  class='hr av-awk90-5abf67b60baa409ef63a44f7f7e19881 hr-default  avia-builder-el-14  el_after_av_one_half  el_before_av_hr '><span class='hr-inner '><span class=\"hr-inner-style\"><\/span><\/span><\/div>\n<div  class='hr av-7zdzg-fc877d3057860f4b99ca244749d0c072 hr-default  avia-builder-el-15  el_after_av_hr  avia-builder-el-last '><span class='hr-inner '><span class=\"hr-inner-style\"><\/span><\/span><\/div>\n","protected":false},"excerpt":{"rendered":"","protected":false},"author":2,"featured_media":0,"parent":0,"menu_order":7,"comment_status":"closed","ping_status":"closed","template":"","meta":{"footnotes":""},"_links":{"self":[{"href":"https:\/\/www.zagreb.jazztzigane.com\/index.php\/wp-json\/wp\/v2\/pages\/396"}],"collection":[{"href":"https:\/\/www.zagreb.jazztzigane.com\/index.php\/wp-json\/wp\/v2\/pages"}],"about":[{"href":"https:\/\/www.zagreb.jazztzigane.com\/index.php\/wp-json\/wp\/v2\/types\/page"}],"author":[{"embeddable":true,"href":"https:\/\/www.zagreb.jazztzigane.com\/index.php\/wp-json\/wp\/v2\/users\/2"}],"replies":[{"embeddable":true,"href":"https:\/\/www.zagreb.jazztzigane.com\/index.php\/wp-json\/wp\/v2\/comments?post=396"}],"version-history":[{"count":15,"href":"https:\/\/www.zagreb.jazztzigane.com\/index.php\/wp-json\/wp\/v2\/pages\/396\/revisions"}],"predecessor-version":[{"id":1813,"href":"https:\/\/www.zagreb.jazztzigane.com\/index.php\/wp-json\/wp\/v2\/pages\/396\/revisions\/1813"}],"wp:attachment":[{"href":"https:\/\/www.zagreb.jazztzigane.com\/index.php\/wp-json\/wp\/v2\/media?parent=396"}],"curies":[{"name":"wp","href":"https:\/\/api.w.org\/{rel}","templated":true}]}}